{"id":148,"date":"2021-02-10T22:33:50","date_gmt":"2021-02-10T21:33:50","guid":{"rendered":"https:\/\/break-events.net\/?page_id=148"},"modified":"2021-03-11T06:26:47","modified_gmt":"2021-03-11T05:26:47","slug":"references-clients","status":"publish","type":"page","link":"https:\/\/break-events.net\/es\/references-clients\/","title":{"rendered":"REFERENCIAS DE CLIENTES"},"content":{"rendered":"<div data-elementor-type=\"wp-page\" data-elementor-id=\"148\" class=\"elementor elementor-148\" data-elementor-post-type=\"page\">\n\t\t\t\t\t\t<section class=\"elementor-section elementor-top-section elementor-element elementor-element-e091401 elementor-section-content-middle elementor-section-boxed elementor-section-height-default elementor-section-height-default\" data-id=\"e091401\" data-element_type=\"section\" data-e-type=\"section\">\n\t\t\t\t\t\t<div class=\"elementor-container elementor-column-gap-default\">\n\t\t\t\t\t<div class=\"elementor-column elementor-col-25 elementor-top-column elementor-element elementor-element-c7bafa1\" data-id=\"c7bafa1\" data-element_type=\"column\" data-e-type=\"column\">\n\t\t\t<div class=\"elementor-widget-wrap elementor-element-populated\">\n\t\t\t\t\t\t<div class=\"elementor-element elementor-element-f366608 elementor-widget elementor-widget-image\" data-id=\"f366608\" data-element_type=\"widget\" data-e-type=\"widget\" data-widget_type=\"image.default\">\n\t\t\t\t<div class=\"elementor-widget-container\">\n\t\t\t\t\t\t\t\t\t\t\t\t\t\t\t<img fetchpriority=\"high\" decoding=\"async\" width=\"989\" height=\"1024\" src=\"https:\/\/break-events.net\/wp-content\/uploads\/2021\/03\/roussillon-989x1024.jpg\" class=\"attachment-large size-large wp-image-3860\" alt=\"Roussillon, logo du Vignoble le plus m\u00e9ridional de France, situ\u00e9 dans les Pyr\u00e9n\u00e9es-Orientales aux portes de l\u2019Espagne, le Roussillon est nich\u00e9 entre M\u00e9diterran\u00e9e et montagnes.\" srcset=\"https:\/\/break-events.net\/wp-content\/uploads\/2021\/03\/roussillon-989x1024.jpg 989w, https:\/\/break-events.net\/wp-content\/uploads\/2021\/03\/roussillon-290x300.jpg 290w, https:\/\/break-events.net\/wp-content\/uploads\/2021\/03\/roussillon-768x795.jpg 768w, https:\/\/break-events.net\/wp-content\/uploads\/2021\/03\/roussillon-1483x1536.jpg 1483w, https:\/\/break-events.net\/wp-content\/uploads\/2021\/03\/roussillon-1978x2048.jpg 1978w, https:\/\/break-events.net\/wp-content\/uploads\/2021\/03\/roussillon-12x12.jpg 12w\" sizes=\"(max-width: 989px) 100vw, 989px\" \/>\t\t\t\t\t\t\t\t\t\t\t\t\t\t\t<\/div>\n\t\t\t\t<\/div>\n\t\t\t\t\t<\/div>\n\t\t<\/div>\n\t\t\t\t<div class=\"elementor-column elementor-col-25 elementor-top-column elementor-element elementor-element-8ea34ab\" data-id=\"8ea34ab\" data-element_type=\"column\" data-e-type=\"column\">\n\t\t\t<div class=\"elementor-widget-wrap elementor-element-populated\">\n\t\t\t\t\t\t<div class=\"elementor-element elementor-element-68a4bbc elementor-widget elementor-widget-image\" data-id=\"68a4bbc\" data-element_type=\"widget\" data-e-type=\"widget\" data-widget_type=\"image.default\">\n\t\t\t\t<div class=\"elementor-widget-container\">\n\t\t\t\t\t\t\t\t\t\t\t\t\t\t\t<img decoding=\"async\" width=\"452\" height=\"216\" src=\"https:\/\/break-events.net\/wp-content\/uploads\/2021\/03\/adocc.jpg\" class=\"attachment-large size-large wp-image-3856\" alt=\"\" srcset=\"https:\/\/break-events.net\/wp-content\/uploads\/2021\/03\/adocc.jpg 452w, https:\/\/break-events.net\/wp-content\/uploads\/2021\/03\/adocc-300x143.jpg 300w, https:\/\/break-events.net\/wp-content\/uploads\/2021\/03\/adocc-16x8.jpg 16w\" sizes=\"(max-width: 452px) 100vw, 452px\" \/>\t\t\t\t\t\t\t\t\t\t\t\t\t\t\t<\/div>\n\t\t\t\t<\/div>\n\t\t\t\t\t<\/div>\n\t\t<\/div>\n\t\t\t\t<div class=\"elementor-column elementor-col-25 elementor-top-column elementor-element elementor-element-06acf12\" data-id=\"06acf12\" data-element_type=\"column\" data-e-type=\"column\">\n\t\t\t<div class=\"elementor-widget-wrap elementor-element-populated\">\n\t\t\t\t\t\t<div class=\"elementor-element elementor-element-9b6f9cb elementor-widget elementor-widget-image\" data-id=\"9b6f9cb\" data-element_type=\"widget\" data-e-type=\"widget\" data-widget_type=\"image.default\">\n\t\t\t\t<div class=\"elementor-widget-container\">\n\t\t\t\t\t\t\t\t\t\t\t\t\t\t\t<img decoding=\"async\" width=\"480\" height=\"320\" src=\"https:\/\/break-events.net\/wp-content\/uploads\/2021\/03\/Grenache-Origin.jpeg\" class=\"attachment-large size-large wp-image-4336\" alt=\"Grenacha Origin marque de Grenache du monde\" srcset=\"https:\/\/break-events.net\/wp-content\/uploads\/2021\/03\/Grenache-Origin.jpeg 480w, https:\/\/break-events.net\/wp-content\/uploads\/2021\/03\/Grenache-Origin-300x200.jpeg 300w, https:\/\/break-events.net\/wp-content\/uploads\/2021\/03\/Grenache-Origin-16x12.jpeg 16w\" sizes=\"(max-width: 480px) 100vw, 480px\" \/>\t\t\t\t\t\t\t\t\t\t\t\t\t\t\t<\/div>\n\t\t\t\t<\/div>\n\t\t\t\t\t<\/div>\n\t\t<\/div>\n\t\t\t\t<div class=\"elementor-column elementor-col-25 elementor-top-column elementor-element elementor-element-8d8fef4\" data-id=\"8d8fef4\" data-element_type=\"column\" data-e-type=\"column\">\n\t\t\t<div class=\"elementor-widget-wrap\">\n\t\t\t\t\t\t\t<\/div>\n\t\t<\/div>\n\t\t\t\t\t<\/div>\n\t\t<\/section>\n\t\t\t\t<section class=\"elementor-section elementor-top-section elementor-element elementor-element-d20ee0a elementor-section-content-middle elementor-section-boxed elementor-section-height-default elementor-section-height-default\" data-id=\"d20ee0a\" data-element_type=\"section\" data-e-type=\"section\">\n\t\t\t\t\t\t<div class=\"elementor-container elementor-column-gap-default\">\n\t\t\t\t\t<div class=\"elementor-column elementor-col-25 elementor-top-column elementor-element elementor-element-2b30510\" data-id=\"2b30510\" data-element_type=\"column\" data-e-type=\"column\">\n\t\t\t<div class=\"elementor-widget-wrap elementor-element-populated\">\n\t\t\t\t\t\t<div class=\"elementor-element elementor-element-ff0ab7e elementor-widget elementor-widget-image\" data-id=\"ff0ab7e\" data-element_type=\"widget\" data-e-type=\"widget\" data-widget_type=\"image.default\">\n\t\t\t\t<div class=\"elementor-widget-container\">\n\t\t\t\t\t\t\t\t\t\t\t\t\t\t\t<img loading=\"lazy\" decoding=\"async\" width=\"364\" height=\"150\" src=\"https:\/\/break-events.net\/wp-content\/uploads\/2021\/03\/AANA.png\" class=\"attachment-large size-large wp-image-4302\" alt=\"AANA_ Agence de l&#039;alimentation de la Nouvelle Aquitaine, partenaire d&#039;\u00e9v\u00e9nements Break Events Group invitant des producteurs de vins et spiritueux de Nouvelle Aquitaine\" srcset=\"https:\/\/break-events.net\/wp-content\/uploads\/2021\/03\/AANA.png 364w, https:\/\/break-events.net\/wp-content\/uploads\/2021\/03\/AANA-300x124.png 300w, https:\/\/break-events.net\/wp-content\/uploads\/2021\/03\/AANA-16x7.png 16w\" sizes=\"(max-width: 364px) 100vw, 364px\" \/>\t\t\t\t\t\t\t\t\t\t\t\t\t\t\t<\/div>\n\t\t\t\t<\/div>\n\t\t\t\t\t<\/div>\n\t\t<\/div>\n\t\t\t\t<div class=\"elementor-column elementor-col-25 elementor-top-column elementor-element elementor-element-a68bb84\" data-id=\"a68bb84\" data-element_type=\"column\" data-e-type=\"column\">\n\t\t\t<div class=\"elementor-widget-wrap elementor-element-populated\">\n\t\t\t\t\t\t<div class=\"elementor-element elementor-element-00afbc1 elementor-widget elementor-widget-image\" data-id=\"00afbc1\" data-element_type=\"widget\" data-e-type=\"widget\" data-widget_type=\"image.default\">\n\t\t\t\t<div class=\"elementor-widget-container\">\n\t\t\t\t\t\t\t\t\t\t\t\t\t\t\t<img loading=\"lazy\" decoding=\"async\" width=\"256\" height=\"197\" src=\"https:\/\/break-events.net\/wp-content\/uploads\/2021\/03\/vignobles-du-sud-ouest.png\" class=\"attachment-large size-large wp-image-4303\" alt=\"Vignobles du Sud Ouest, partenaire d&#039;\u00e9v\u00e9nements Break Events Group\" srcset=\"https:\/\/break-events.net\/wp-content\/uploads\/2021\/03\/vignobles-du-sud-ouest.png 256w, https:\/\/break-events.net\/wp-content\/uploads\/2021\/03\/vignobles-du-sud-ouest-16x12.png 16w\" sizes=\"(max-width: 256px) 100vw, 256px\" \/>\t\t\t\t\t\t\t\t\t\t\t\t\t\t\t<\/div>\n\t\t\t\t<\/div>\n\t\t\t\t\t<\/div>\n\t\t<\/div>\n\t\t\t\t<div class=\"elementor-column elementor-col-25 elementor-top-column elementor-element elementor-element-7404c05\" data-id=\"7404c05\" data-element_type=\"column\" data-e-type=\"column\">\n\t\t\t<div class=\"elementor-widget-wrap elementor-element-populated\">\n\t\t\t\t\t\t<div class=\"elementor-element elementor-element-2ae7ae4 elementor-widget elementor-widget-image\" data-id=\"2ae7ae4\" data-element_type=\"widget\" data-e-type=\"widget\" data-widget_type=\"image.default\">\n\t\t\t\t<div class=\"elementor-widget-container\">\n\t\t\t\t\t\t\t\t\t\t\t\t\t\t\t<img loading=\"lazy\" decoding=\"async\" width=\"642\" height=\"368\" src=\"https:\/\/break-events.net\/wp-content\/uploads\/2021\/03\/vin-de-bordeaux.jpg\" class=\"attachment-large size-large wp-image-4304\" alt=\"Vins de bordeaux, partenaire d&#039;\u00e9v\u00e9nements Break Events Group\" srcset=\"https:\/\/break-events.net\/wp-content\/uploads\/2021\/03\/vin-de-bordeaux.jpg 642w, https:\/\/break-events.net\/wp-content\/uploads\/2021\/03\/vin-de-bordeaux-300x172.jpg 300w, https:\/\/break-events.net\/wp-content\/uploads\/2021\/03\/vin-de-bordeaux-16x9.jpg 16w\" sizes=\"(max-width: 642px) 100vw, 642px\" \/>\t\t\t\t\t\t\t\t\t\t\t\t\t\t\t<\/div>\n\t\t\t\t<\/div>\n\t\t\t\t\t<\/div>\n\t\t<\/div>\n\t\t\t\t<div class=\"elementor-column elementor-col-25 elementor-top-column elementor-element elementor-element-f6aafdd\" data-id=\"f6aafdd\" data-element_type=\"column\" data-e-type=\"column\">\n\t\t\t<div class=\"elementor-widget-wrap elementor-element-populated\">\n\t\t\t\t\t\t<div class=\"elementor-element elementor-element-1f7690c elementor-widget elementor-widget-image\" data-id=\"1f7690c\" data-element_type=\"widget\" data-e-type=\"widget\" data-widget_type=\"image.default\">\n\t\t\t\t<div class=\"elementor-widget-container\">\n\t\t\t\t\t\t\t\t\t\t\t\t\t\t\t<img loading=\"lazy\" decoding=\"async\" width=\"851\" height=\"326\" src=\"https:\/\/break-events.net\/wp-content\/uploads\/2021\/03\/VINISUD-Logo.jpeg\" class=\"attachment-large size-large wp-image-4338\" alt=\"Vinisud, salon des vins m\u00e9diterran\u00e9ens\" srcset=\"https:\/\/break-events.net\/wp-content\/uploads\/2021\/03\/VINISUD-Logo.jpeg 851w, https:\/\/break-events.net\/wp-content\/uploads\/2021\/03\/VINISUD-Logo-300x115.jpeg 300w, https:\/\/break-events.net\/wp-content\/uploads\/2021\/03\/VINISUD-Logo-768x294.jpeg 768w, https:\/\/break-events.net\/wp-content\/uploads\/2021\/03\/VINISUD-Logo-16x6.jpeg 16w\" sizes=\"(max-width: 851px) 100vw, 851px\" \/>\t\t\t\t\t\t\t\t\t\t\t\t\t\t\t<\/div>\n\t\t\t\t<\/div>\n\t\t\t\t\t<\/div>\n\t\t<\/div>\n\t\t\t\t\t<\/div>\n\t\t<\/section>\n\t\t\t\t<section class=\"elementor-section elementor-top-section elementor-element elementor-element-8582b37 elementor-section-content-middle elementor-section-boxed elementor-section-height-default elementor-section-height-default\" data-id=\"8582b37\" data-element_type=\"section\" data-e-type=\"section\">\n\t\t\t\t\t\t<div class=\"elementor-container elementor-column-gap-default\">\n\t\t\t\t\t<div class=\"elementor-column elementor-col-25 elementor-top-column elementor-element elementor-element-964fdeb\" data-id=\"964fdeb\" data-element_type=\"column\" data-e-type=\"column\">\n\t\t\t<div class=\"elementor-widget-wrap elementor-element-populated\">\n\t\t\t\t\t\t<div class=\"elementor-element elementor-element-1db5e01 elementor-widget elementor-widget-image\" data-id=\"1db5e01\" data-element_type=\"widget\" data-e-type=\"widget\" data-widget_type=\"image.default\">\n\t\t\t\t<div class=\"elementor-widget-container\">\n\t\t\t\t\t\t\t\t\t\t\t\t\t\t\t<img loading=\"lazy\" decoding=\"async\" width=\"414\" height=\"219\" src=\"https:\/\/break-events.net\/wp-content\/uploads\/2021\/03\/logo_arex_fondo_transparente.png\" class=\"attachment-large size-large wp-image-4305\" alt=\"Aragon , r\u00e9gion partenaire d&#039;\u00e9v\u00e9nements Break Events Group invitant des producteurs de vin espagnols\" srcset=\"https:\/\/break-events.net\/wp-content\/uploads\/2021\/03\/logo_arex_fondo_transparente.png 414w, https:\/\/break-events.net\/wp-content\/uploads\/2021\/03\/logo_arex_fondo_transparente-300x159.png 300w, https:\/\/break-events.net\/wp-content\/uploads\/2021\/03\/logo_arex_fondo_transparente-16x8.png 16w\" sizes=\"(max-width: 414px) 100vw, 414px\" \/>\t\t\t\t\t\t\t\t\t\t\t\t\t\t\t<\/div>\n\t\t\t\t<\/div>\n\t\t\t\t\t<\/div>\n\t\t<\/div>\n\t\t\t\t<div class=\"elementor-column elementor-col-25 elementor-top-column elementor-element elementor-element-03b04f1\" data-id=\"03b04f1\" data-element_type=\"column\" data-e-type=\"column\">\n\t\t\t<div class=\"elementor-widget-wrap elementor-element-populated\">\n\t\t\t\t\t\t<div class=\"elementor-element elementor-element-0e78da2 elementor-widget elementor-widget-image\" data-id=\"0e78da2\" data-element_type=\"widget\" data-e-type=\"widget\" data-widget_type=\"image.default\">\n\t\t\t\t<div class=\"elementor-widget-container\">\n\t\t\t\t\t\t\t\t\t\t\t\t\t\t\t<img loading=\"lazy\" decoding=\"async\" width=\"396\" height=\"229\" src=\"https:\/\/break-events.net\/wp-content\/uploads\/2021\/03\/Aragon-Alimentos-nobles-logo.jpg\" class=\"attachment-large size-large wp-image-4306\" alt=\"Aragon alimentos nobles , partenaire d&#039;\u00e9v\u00e9nements Break Events Group invitant des producteurs de vin espagnols\" srcset=\"https:\/\/break-events.net\/wp-content\/uploads\/2021\/03\/Aragon-Alimentos-nobles-logo.jpg 396w, https:\/\/break-events.net\/wp-content\/uploads\/2021\/03\/Aragon-Alimentos-nobles-logo-300x173.jpg 300w, https:\/\/break-events.net\/wp-content\/uploads\/2021\/03\/Aragon-Alimentos-nobles-logo-16x9.jpg 16w\" sizes=\"(max-width: 396px) 100vw, 396px\" \/>\t\t\t\t\t\t\t\t\t\t\t\t\t\t\t<\/div>\n\t\t\t\t<\/div>\n\t\t\t\t\t<\/div>\n\t\t<\/div>\n\t\t\t\t<div class=\"elementor-column elementor-col-25 elementor-top-column elementor-element elementor-element-8013b31\" data-id=\"8013b31\" data-element_type=\"column\" data-e-type=\"column\">\n\t\t\t<div class=\"elementor-widget-wrap elementor-element-populated\">\n\t\t\t\t\t\t<div class=\"elementor-element elementor-element-0200491 elementor-widget elementor-widget-image\" data-id=\"0200491\" data-element_type=\"widget\" data-e-type=\"widget\" data-widget_type=\"image.default\">\n\t\t\t\t<div class=\"elementor-widget-container\">\n\t\t\t\t\t\t\t\t\t\t\t\t\t\t\t<img loading=\"lazy\" decoding=\"async\" width=\"579\" height=\"295\" src=\"https:\/\/break-events.net\/wp-content\/uploads\/2021\/03\/Castilla-y-Leon-Junta.jpg\" class=\"attachment-large size-large wp-image-4311\" alt=\"Castilla y Leon , r\u00e9gion partenaire d&#039;\u00e9v\u00e9nements Break Events Group invitant des producteurs de vin espagnols\" srcset=\"https:\/\/break-events.net\/wp-content\/uploads\/2021\/03\/Castilla-y-Leon-Junta.jpg 579w, https:\/\/break-events.net\/wp-content\/uploads\/2021\/03\/Castilla-y-Leon-Junta-300x153.jpg 300w, https:\/\/break-events.net\/wp-content\/uploads\/2021\/03\/Castilla-y-Leon-Junta-16x8.jpg 16w\" sizes=\"(max-width: 579px) 100vw, 579px\" \/>\t\t\t\t\t\t\t\t\t\t\t\t\t\t\t<\/div>\n\t\t\t\t<\/div>\n\t\t\t\t\t<\/div>\n\t\t<\/div>\n\t\t\t\t<div class=\"elementor-column elementor-col-25 elementor-top-column elementor-element elementor-element-2c20375\" data-id=\"2c20375\" data-element_type=\"column\" data-e-type=\"column\">\n\t\t\t<div class=\"elementor-widget-wrap elementor-element-populated\">\n\t\t\t\t\t\t<div class=\"elementor-element elementor-element-6ed5b72 elementor-widget elementor-widget-image\" data-id=\"6ed5b72\" data-element_type=\"widget\" data-e-type=\"widget\" data-widget_type=\"image.default\">\n\t\t\t\t<div class=\"elementor-widget-container\">\n\t\t\t\t\t\t\t\t\t\t\t\t\t\t\t<img loading=\"lazy\" decoding=\"async\" width=\"1024\" height=\"724\" src=\"https:\/\/break-events.net\/wp-content\/uploads\/2021\/03\/logo-andalusia-moving-positivo__5faa9d655cb96_2020-11-10-030213-5faa9d6574bed-1024x724.jpg\" class=\"attachment-large size-large wp-image-4321\" alt=\"Andalusia, partenaire d&#039;\u00e9v\u00e9nements Break Events Group invitant des producteurs de vin espagnols\" srcset=\"https:\/\/break-events.net\/wp-content\/uploads\/2021\/03\/logo-andalusia-moving-positivo__5faa9d655cb96_2020-11-10-030213-5faa9d6574bed-1024x724.jpg 1024w, https:\/\/break-events.net\/wp-content\/uploads\/2021\/03\/logo-andalusia-moving-positivo__5faa9d655cb96_2020-11-10-030213-5faa9d6574bed-300x212.jpg 300w, https:\/\/break-events.net\/wp-content\/uploads\/2021\/03\/logo-andalusia-moving-positivo__5faa9d655cb96_2020-11-10-030213-5faa9d6574bed-768x543.jpg 768w, https:\/\/break-events.net\/wp-content\/uploads\/2021\/03\/logo-andalusia-moving-positivo__5faa9d655cb96_2020-11-10-030213-5faa9d6574bed-1536x1086.jpg 1536w, https:\/\/break-events.net\/wp-content\/uploads\/2021\/03\/logo-andalusia-moving-positivo__5faa9d655cb96_2020-11-10-030213-5faa9d6574bed-2048x1448.jpg 2048w, https:\/\/break-events.net\/wp-content\/uploads\/2021\/03\/logo-andalusia-moving-positivo__5faa9d655cb96_2020-11-10-030213-5faa9d6574bed-16x12.jpg 16w\" sizes=\"(max-width: 1024px) 100vw, 1024px\" \/>\t\t\t\t\t\t\t\t\t\t\t\t\t\t\t<\/div>\n\t\t\t\t<\/div>\n\t\t\t\t\t<\/div>\n\t\t<\/div>\n\t\t\t\t\t<\/div>\n\t\t<\/section>\n\t\t\t\t<\/div>","protected":false},"excerpt":{"rendered":"","protected":false},"author":1,"featured_media":0,"parent":0,"menu_order":0,"comment_status":"closed","ping_status":"closed","template":"","meta":{"_acf_changed":false,"ocean_post_layout":"","ocean_both_sidebars_style":"","ocean_both_sidebars_content_width":0,"ocean_both_sidebars_sidebars_width":0,"ocean_sidebar":"0","ocean_second_sidebar":"0","ocean_disable_margins":"enable","ocean_add_body_class":"","ocean_shortcode_before_top_bar":"","ocean_shortcode_after_top_bar":"","ocean_shortcode_before_header":"","ocean_shortcode_after_header":"","ocean_has_shortcode":"","ocean_shortcode_after_title":"","ocean_shortcode_before_footer_widgets":"","ocean_shortcode_after_footer_widgets":"","ocean_shortcode_before_footer_bottom":"","ocean_shortcode_after_footer_bottom":"","ocean_display_top_bar":"default","ocean_display_header":"default","ocean_header_style":"","ocean_center_header_left_menu":"0","ocean_custom_header_template":"0","ocean_custom_logo":0,"ocean_custom_retina_logo":0,"ocean_custom_logo_max_width":0,"ocean_custom_logo_tablet_max_width":0,"ocean_custom_logo_mobile_max_width":0,"ocean_custom_logo_max_height":0,"ocean_custom_logo_tablet_max_height":0,"ocean_custom_logo_mobile_max_height":0,"ocean_header_custom_menu":"0","ocean_menu_typo_font_family":"0","ocean_menu_typo_font_subset":"","ocean_menu_typo_font_size":0,"ocean_menu_typo_font_size_tablet":0,"ocean_menu_typo_font_size_mobile":0,"ocean_menu_typo_font_size_unit":"px","ocean_menu_typo_font_weight":"","ocean_menu_typo_font_weight_tablet":"","ocean_menu_typo_font_weight_mobile":"","ocean_menu_typo_transform":"","ocean_menu_typo_transform_tablet":"","ocean_menu_typo_transform_mobile":"","ocean_menu_typo_line_height":0,"ocean_menu_typo_line_height_tablet":0,"ocean_menu_typo_line_height_mobile":0,"ocean_menu_typo_line_height_unit":"","ocean_menu_typo_spacing":0,"ocean_menu_typo_spacing_tablet":0,"ocean_menu_typo_spacing_mobile":0,"ocean_menu_typo_spacing_unit":"","ocean_menu_link_color":"","ocean_menu_link_color_hover":"","ocean_menu_link_color_active":"","ocean_menu_link_background":"","ocean_menu_link_hover_background":"","ocean_menu_link_active_background":"","ocean_menu_social_links_bg":"","ocean_menu_social_hover_links_bg":"","ocean_menu_social_links_color":"","ocean_menu_social_hover_links_color":"","ocean_disable_title":"default","ocean_disable_heading":"default","ocean_post_title":"","ocean_post_subheading":"","ocean_post_title_style":"","ocean_post_title_background_color":"","ocean_post_title_background":0,"ocean_post_title_bg_image_position":"","ocean_post_title_bg_image_attachment":"","ocean_post_title_bg_image_repeat":"","ocean_post_title_bg_image_size":"","ocean_post_title_height":0,"ocean_post_title_bg_overlay":0.5,"ocean_post_title_bg_overlay_color":"","ocean_disable_breadcrumbs":"default","ocean_breadcrumbs_color":"","ocean_breadcrumbs_separator_color":"","ocean_breadcrumbs_links_color":"","ocean_breadcrumbs_links_hover_color":"","ocean_display_footer_widgets":"default","ocean_display_footer_bottom":"default","ocean_custom_footer_template":"0","footnotes":""},"class_list":["post-148","page","type-page","status-publish","hentry","entry"],"acf":[],"_links":{"self":[{"href":"https:\/\/break-events.net\/es\/wp-json\/wp\/v2\/pages\/148","targetHints":{"allow":["GET"]}}],"collection":[{"href":"https:\/\/break-events.net\/es\/wp-json\/wp\/v2\/pages"}],"about":[{"href":"https:\/\/break-events.net\/es\/wp-json\/wp\/v2\/types\/page"}],"author":[{"embeddable":true,"href":"https:\/\/break-events.net\/es\/wp-json\/wp\/v2\/users\/1"}],"replies":[{"embeddable":true,"href":"https:\/\/break-events.net\/es\/wp-json\/wp\/v2\/comments?post=148"}],"version-history":[{"count":0,"href":"https:\/\/break-events.net\/es\/wp-json\/wp\/v2\/pages\/148\/revisions"}],"wp:attachment":[{"href":"https:\/\/break-events.net\/es\/wp-json\/wp\/v2\/media?parent=148"}],"curies":[{"name":"wp","href":"https:\/\/api.w.org\/{rel}","templated":true}]}}