{"id":9602,"date":"2024-06-07T15:08:26","date_gmt":"2024-06-07T13:08:26","guid":{"rendered":"https:\/\/break-events.net\/?page_id=9602"},"modified":"2025-09-22T17:01:59","modified_gmt":"2025-09-22T15:01:59","slug":"degre-zero","status":"publish","type":"page","link":"https:\/\/break-events.net\/es\/degre-zero\/","title":{"rendered":"Degre Zero"},"content":{"rendered":"\t\t<div data-elementor-type=\"wp-page\" data-elementor-id=\"9602\" class=\"elementor elementor-9602\" data-elementor-post-type=\"page\">\n\t\t\t\t\t\t<section class=\"elementor-section elementor-top-section elementor-element elementor-element-68600411 elementor-section-boxed elementor-section-height-default elementor-section-height-default\" data-id=\"68600411\" data-element_type=\"section\" data-e-type=\"section\" data-settings=\"{&quot;background_background&quot;:&quot;classic&quot;}\">\n\t\t\t\t\t\t<div class=\"elementor-container elementor-column-gap-default\">\n\t\t\t\t\t<div class=\"elementor-column elementor-col-100 elementor-top-column elementor-element elementor-element-1991d5ba\" data-id=\"1991d5ba\" data-element_type=\"column\" data-e-type=\"column\" data-settings=\"{&quot;background_background&quot;:&quot;classic&quot;}\">\n\t\t\t<div class=\"elementor-widget-wrap elementor-element-populated\">\n\t\t\t\t\t\t<div class=\"elementor-element elementor-element-1edf0631 elementor-widget elementor-widget-image\" data-id=\"1edf0631\" data-element_type=\"widget\" data-e-type=\"widget\" data-widget_type=\"image.default\">\n\t\t\t\t<div class=\"elementor-widget-container\">\n\t\t\t\t\t\t\t\t\t\t\t\t\t\t\t<img fetchpriority=\"high\" decoding=\"async\" width=\"1024\" height=\"683\" src=\"https:\/\/break-events.net\/wp-content\/uploads\/2024\/06\/DegreZero-2024_-img-\u00a9BreakEvents-16-1024x683.jpg\" class=\"attachment-large size-large wp-image-9611\" alt=\"\" srcset=\"https:\/\/break-events.net\/wp-content\/uploads\/2024\/06\/DegreZero-2024_-img-\u00a9BreakEvents-16-1024x683.jpg 1024w, https:\/\/break-events.net\/wp-content\/uploads\/2024\/06\/DegreZero-2024_-img-\u00a9BreakEvents-16-300x200.jpg 300w, https:\/\/break-events.net\/wp-content\/uploads\/2024\/06\/DegreZero-2024_-img-\u00a9BreakEvents-16-768x512.jpg 768w, https:\/\/break-events.net\/wp-content\/uploads\/2024\/06\/DegreZero-2024_-img-\u00a9BreakEvents-16-18x12.jpg 18w, https:\/\/break-events.net\/wp-content\/uploads\/2024\/06\/DegreZero-2024_-img-\u00a9BreakEvents-16.jpg 1248w\" sizes=\"(max-width: 1024px) 100vw, 1024px\" \/>\t\t\t\t\t\t\t\t\t\t\t\t\t\t\t<\/div>\n\t\t\t\t<\/div>\n\t\t\t\t<div class=\"elementor-element elementor-element-814f49d elementor-widget elementor-widget-text-editor\" data-id=\"814f49d\" data-element_type=\"widget\" data-e-type=\"widget\" data-widget_type=\"text-editor.default\">\n\t\t\t\t<div class=\"elementor-widget-container\">\n\t\t\t\t\t\t\t\t\t<p>Degre Zero est le premier salon professionnel d\u00e9di\u00e9 aux boissons d\u00e9salcoolis\u00e9es, ferment\u00e9es et mac\u00e9r\u00e9es no\/low. Vignerons, brasseurs, distillateurs\u2026 rencontrent des cavistes, sommeliers, restaurateurs, importateurs\u2026 pour leur faire d\u00e9couvrir et d\u00e9velopper ce segment du march\u00e9 en pleine expansion.<\/p>\t\t\t\t\t\t\t\t<\/div>\n\t\t\t\t<\/div>\n\t\t\t\t\t<\/div>\n\t\t<\/div>\n\t\t\t\t\t<\/div>\n\t\t<\/section>\n\t\t\t\t<section class=\"elementor-section elementor-top-section elementor-element elementor-element-49c66944 elementor-section-boxed elementor-section-height-default elementor-section-height-default\" data-id=\"49c66944\" data-element_type=\"section\" data-e-type=\"section\">\n\t\t\t\t\t\t<div class=\"elementor-container elementor-column-gap-default\">\n\t\t\t\t\t<div class=\"elementor-column elementor-col-100 elementor-top-column elementor-element elementor-element-32e35919\" data-id=\"32e35919\" data-element_type=\"column\" data-e-type=\"column\">\n\t\t\t<div class=\"elementor-widget-wrap elementor-element-populated\">\n\t\t\t\t\t\t<div class=\"elementor-element elementor-element-28f37d1 elementor-widget elementor-widget-spacer\" data-id=\"28f37d1\" data-element_type=\"widget\" data-e-type=\"widget\" data-widget_type=\"spacer.default\">\n\t\t\t\t<div class=\"elementor-widget-container\">\n\t\t\t\t\t\t\t<div class=\"elementor-spacer\">\n\t\t\t<div class=\"elementor-spacer-inner\"><\/div>\n\t\t<\/div>\n\t\t\t\t\t\t<\/div>\n\t\t\t\t<\/div>\n\t\t\t\t<div class=\"elementor-element elementor-element-618cc307 elementor-widget elementor-widget-heading\" data-id=\"618cc307\" data-element_type=\"widget\" data-e-type=\"widget\" data-widget_type=\"heading.default\">\n\t\t\t\t<div class=\"elementor-widget-container\">\n\t\t\t\t\t<h2 class=\"elementor-heading-title elementor-size-default\">Le premier salon professionnel 100% d\u00e9di\u00e9 aux boissons no\/low !<\/h2>\t\t\t\t<\/div>\n\t\t\t\t<\/div>\n\t\t\t\t<div class=\"elementor-element elementor-element-729e55ab elementor-widget-divider--view-line elementor-widget elementor-widget-divider\" data-id=\"729e55ab\" data-element_type=\"widget\" data-e-type=\"widget\" data-widget_type=\"divider.default\">\n\t\t\t\t<div class=\"elementor-widget-container\">\n\t\t\t\t\t\t\t<div class=\"elementor-divider\">\n\t\t\t<span class=\"elementor-divider-separator\">\n\t\t\t\t\t\t<\/span>\n\t\t<\/div>\n\t\t\t\t\t\t<\/div>\n\t\t\t\t<\/div>\n\t\t\t\t<div class=\"elementor-element elementor-element-884a861 elementor-widget elementor-widget-spacer\" data-id=\"884a861\" data-element_type=\"widget\" data-e-type=\"widget\" data-widget_type=\"spacer.default\">\n\t\t\t\t<div class=\"elementor-widget-container\">\n\t\t\t\t\t\t\t<div class=\"elementor-spacer\">\n\t\t\t<div class=\"elementor-spacer-inner\"><\/div>\n\t\t<\/div>\n\t\t\t\t\t\t<\/div>\n\t\t\t\t<\/div>\n\t\t\t\t\t<\/div>\n\t\t<\/div>\n\t\t\t\t\t<\/div>\n\t\t<\/section>\n\t\t\t\t<section class=\"elementor-section elementor-top-section elementor-element elementor-element-e59d935 elementor-section-boxed elementor-section-height-default elementor-section-height-default\" data-id=\"e59d935\" data-element_type=\"section\" data-e-type=\"section\">\n\t\t\t\t\t\t<div class=\"elementor-container elementor-column-gap-default\">\n\t\t\t\t\t<div class=\"elementor-column elementor-col-50 elementor-top-column elementor-element elementor-element-52dbedc\" data-id=\"52dbedc\" data-element_type=\"column\" data-e-type=\"column\">\n\t\t\t<div class=\"elementor-widget-wrap elementor-element-populated\">\n\t\t\t\t\t\t<div class=\"elementor-element elementor-element-89d4291 elementor-widget elementor-widget-heading\" data-id=\"89d4291\" data-element_type=\"widget\" data-e-type=\"widget\" data-widget_type=\"heading.default\">\n\t\t\t\t<div class=\"elementor-widget-container\">\n\t\t\t\t\t<h3 class=\"elementor-heading-title elementor-size-default\">Exposants<\/h3>\t\t\t\t<\/div>\n\t\t\t\t<\/div>\n\t\t\t\t<div class=\"elementor-element elementor-element-54af4a9 elementor-widget elementor-widget-text-editor\" data-id=\"54af4a9\" data-element_type=\"widget\" data-e-type=\"widget\" data-widget_type=\"text-editor.default\">\n\t\t\t\t<div class=\"elementor-widget-container\">\n\t\t\t\t\t\t\t\t\t<p>Ils sont producteurs de boissons no\/low<\/p>\t\t\t\t\t\t\t\t<\/div>\n\t\t\t\t<\/div>\n\t\t\t\t<div class=\"elementor-element elementor-element-c51d663 elementor-widget elementor-widget-heading\" data-id=\"c51d663\" data-element_type=\"widget\" data-e-type=\"widget\" data-widget_type=\"heading.default\">\n\t\t\t\t<div class=\"elementor-widget-container\">\n\t\t\t\t\t<h3 class=\"elementor-heading-title elementor-size-default\">Visiteurs<\/h3>\t\t\t\t<\/div>\n\t\t\t\t<\/div>\n\t\t\t\t<div class=\"elementor-element elementor-element-e76964e elementor-widget elementor-widget-text-editor\" data-id=\"e76964e\" data-element_type=\"widget\" data-e-type=\"widget\" data-widget_type=\"text-editor.default\">\n\t\t\t\t<div class=\"elementor-widget-container\">\n\t\t\t\t\t\t\t\t\t<p>Ils sont cavistes, distributeurs, acheteurs grands comptes, sommeliers, restaurateurs, bartender, importateurs internationaux, \u2026<\/p>\t\t\t\t\t\t\t\t<\/div>\n\t\t\t\t<\/div>\n\t\t\t\t<div class=\"elementor-element elementor-element-1ab4db4 elementor-widget elementor-widget-heading\" data-id=\"1ab4db4\" data-element_type=\"widget\" data-e-type=\"widget\" data-widget_type=\"heading.default\">\n\t\t\t\t<div class=\"elementor-widget-container\">\n\t\t\t\t\t<h3 class=\"elementor-heading-title elementor-size-default\">Ils t\u00e9moignent<\/h3>\t\t\t\t<\/div>\n\t\t\t\t<\/div>\n\t\t\t\t<div class=\"elementor-element elementor-element-dc34c96 elementor-widget elementor-widget-eael-testimonial\" data-id=\"dc34c96\" data-element_type=\"widget\" data-e-type=\"widget\" data-widget_type=\"eael-testimonial.default\">\n\t\t\t\t<div class=\"elementor-widget-container\">\n\t\t\t\t\t\n\t<div id=\"eael-testimonial-dc34c96\" class=\"eael-testimonial-item clearfix  content-bottom-icon-title-inline\">\n\t\t\t\t\n\t\t\n\t\t\n\t\t\n\t\t\n\t\t\n\t\t\t\t\t<div class=\"eael-testimonial-content\">\n\t\t\t\t<div class=\"eael-testimonial-text\"><p>Nous avons appr\u00e9ci\u00e9 le lieu, l&rsquo;organisation et les visiteurs. Le nombre de pays repr\u00e9sent\u00e9s et l&rsquo;int\u00e9r\u00eat r\u00e9el pour les produits sans alcool sont incroyables. C&rsquo;est \u00ab the place to be \u00bb pour les boissons no\/low. Quel succ\u00e8s ! [&#8230;] Nous repartons avec d&rsquo;excellentes rencontres et opportunit\u00e9s d&rsquo;affaires, avec pr\u00e8s de 34 rendez-vous. MERCI et \u00e0 l&rsquo;ann\u00e9e prochaine !<\/p><\/div>\t\t\t<\/div>\n\t\t\t<div class=\"eael-testimonial-content eael-testimonial-inline-bio\">\n\t\t\t\t\t\t\t\t<div class=\"bio-text\"><p class=\"eael-testimonial-user\" style=\"display: block; float: none;\">MAISON BRUNO ANDREU <\/p><p class=\"eael-testimonial-user-company\">Degre Zero 2025<\/p><\/div>\n\t\t\t\t\t\t\t<\/div>\n\t\t\n\t\t\n\t\t<span class=\"eael-testimonial-quote\"><\/span>\n\t<\/div>\n\n\t\t\t\t\t<\/div>\n\t\t\t\t<\/div>\n\t\t\t\t<div class=\"elementor-element elementor-element-ae57ccc elementor-widget elementor-widget-text-editor\" data-id=\"ae57ccc\" data-element_type=\"widget\" data-e-type=\"widget\" data-widget_type=\"text-editor.default\">\n\t\t\t\t<div class=\"elementor-widget-container\">\n\t\t\t\t\t\t\t\t\t<p><em><span style=\"text-decoration: underline;\"><a href=\"https:\/\/break-events.net\/temoignages\/\">Voir tous les t\u00e9moignages<\/a><\/span><\/em><\/p>\t\t\t\t\t\t\t\t<\/div>\n\t\t\t\t<\/div>\n\t\t\t\t\t<\/div>\n\t\t<\/div>\n\t\t\t\t<div class=\"elementor-column elementor-col-50 elementor-top-column elementor-element elementor-element-3f89c0f\" data-id=\"3f89c0f\" data-element_type=\"column\" data-e-type=\"column\">\n\t\t\t<div class=\"elementor-widget-wrap elementor-element-populated\">\n\t\t\t\t\t\t<div class=\"elementor-element elementor-element-413ab67 elementor-widget elementor-widget-video\" data-id=\"413ab67\" data-element_type=\"widget\" data-e-type=\"widget\" data-settings=\"{&quot;youtube_url&quot;:&quot;https:\\\/\\\/youtu.be\\\/Jt4I_iK69-Y?feature=shared&quot;,&quot;video_type&quot;:&quot;youtube&quot;,&quot;controls&quot;:&quot;yes&quot;}\" data-widget_type=\"video.default\">\n\t\t\t\t<div class=\"elementor-widget-container\">\n\t\t\t\t\t\t\t<div class=\"elementor-wrapper elementor-open-inline\">\n\t\t\t<div class=\"elementor-video\"><\/div>\t\t<\/div>\n\t\t\t\t\t\t<\/div>\n\t\t\t\t<\/div>\n\t\t\t\t\t<\/div>\n\t\t<\/div>\n\t\t\t\t\t<\/div>\n\t\t<\/section>\n\t\t\t\t<section class=\"elementor-section elementor-top-section elementor-element elementor-element-1a2443f elementor-section-boxed elementor-section-height-default elementor-section-height-default\" data-id=\"1a2443f\" data-element_type=\"section\" data-e-type=\"section\" data-settings=\"{&quot;background_background&quot;:&quot;classic&quot;}\">\n\t\t\t\t\t\t<div class=\"elementor-container elementor-column-gap-default\">\n\t\t\t\t\t<div class=\"elementor-column elementor-col-100 elementor-top-column elementor-element elementor-element-e116df5\" data-id=\"e116df5\" data-element_type=\"column\" data-e-type=\"column\" data-settings=\"{&quot;background_background&quot;:&quot;classic&quot;}\">\n\t\t\t<div class=\"elementor-widget-wrap elementor-element-populated\">\n\t\t\t\t\t\t<div class=\"elementor-element elementor-element-95992df elementor-widget elementor-widget-heading\" data-id=\"95992df\" data-element_type=\"widget\" data-e-type=\"widget\" data-widget_type=\"heading.default\">\n\t\t\t\t<div class=\"elementor-widget-container\">\n\t\t\t\t\t<h2 class=\"elementor-heading-title elementor-size-default\">La participation inclut<\/h2>\t\t\t\t<\/div>\n\t\t\t\t<\/div>\n\t\t\t\t<div class=\"elementor-element elementor-element-702fc05 elementor-widget elementor-widget-text-editor\" data-id=\"702fc05\" data-element_type=\"widget\" data-e-type=\"widget\" data-widget_type=\"text-editor.default\">\n\t\t\t\t<div class=\"elementor-widget-container\">\n\t\t\t\t\t\t\t\t\t<p class=\"MsoListParagraphCxSpFirst\" style=\"text-indent:-18.0pt;mso-list:l0 level1 lfo1\"><!--[if !supportLists]--><span style=\"font-family:Wingdings;mso-fareast-font-family:Wingdings;mso-bidi-font-family:\nWingdings\">\u00a7<span style=\"font:7.0pt &quot;Times New Roman&quot;\">&nbsp;\n<\/span><\/span><!--[endif]-->un espace d\u2019exposition individuelle (mobilier et\nsignal\u00e9tique inclus) <o:p><\/o:p><\/p><p class=\"MsoListParagraphCxSpMiddle\" style=\"text-indent:-18.0pt;mso-list:l0 level1 lfo1\"><!--[if !supportLists]--><span style=\"font-family:Wingdings;mso-fareast-font-family:Wingdings;mso-bidi-font-family:\nWingdings\">\u00a7<span style=\"font:7.0pt &quot;Times New Roman&quot;\">&nbsp;\n<\/span><\/span><!--[endif]-->la pr\u00e9sentation dans le catalogue en ligne,<o:p><\/o:p><\/p><p class=\"MsoListParagraphCxSpMiddle\" style=\"text-indent:-18.0pt;mso-list:l0 level1 lfo1\"><!--[if !supportLists]--><span style=\"font-family:Wingdings;mso-fareast-font-family:Wingdings;mso-bidi-font-family:\nWingdings\">\u00a7<span style=\"font:7.0pt &quot;Times New Roman&quot;\">&nbsp;\n<\/span><\/span><!--[endif]-->la communication sur votre participation,<o:p><\/o:p><\/p><p class=\"MsoListParagraphCxSpMiddle\" style=\"text-indent:-18.0pt;mso-list:l0 level1 lfo1\"><!--[if !supportLists]--><span style=\"font-family:Wingdings;mso-fareast-font-family:Wingdings;mso-bidi-font-family:\nWingdings\">\u00a7<span style=\"font:7.0pt &quot;Times New Roman&quot;\">&nbsp;\n<\/span><\/span><!--[endif]-->des badges d\u2019acc\u00e8s,<o:p><\/o:p><\/p><p class=\"MsoListParagraphCxSpMiddle\" style=\"text-indent:-18.0pt;mso-list:l0 level1 lfo1\"><!--[if !supportLists]--><span style=\"font-family:Wingdings;mso-fareast-font-family:Wingdings;mso-bidi-font-family:\nWingdings\">\u00a7<span style=\"font:7.0pt &quot;Times New Roman&quot;\">&nbsp;\n<\/span><\/span><!--[endif]-->des invitations,<o:p><\/o:p><\/p><p class=\"MsoListParagraphCxSpMiddle\" style=\"text-indent:-18.0pt;mso-list:l0 level1 lfo1\"><!--[if !supportLists]--><span style=\"font-family:Wingdings;mso-fareast-font-family:Wingdings;mso-bidi-font-family:\nWingdings\">\u00a7<span style=\"font:7.0pt &quot;Times New Roman&quot;\">&nbsp;\n<\/span><\/span><!--[endif]-->kit de d\u00e9gustation (verres, tire-bouchon,\ncrachoir, \u2026)<o:p><\/o:p><\/p><p>\n\n\n\n\n\n\n\n\n\n\n\n<\/p><p class=\"MsoListParagraphCxSpLast\" style=\"text-indent:-18.0pt;mso-list:l0 level1 lfo1\"><!--[if !supportLists]--><span style=\"font-family:Wingdings;mso-fareast-font-family:Wingdings;mso-bidi-font-family:\nWingdings\">\u00a7<span style=\"font:7.0pt &quot;Times New Roman&quot;\">&nbsp;\n<\/span><\/span><!--[endif]-->service de glace<o:p><\/o:p><\/p>\t\t\t\t\t\t\t\t<\/div>\n\t\t\t\t<\/div>\n\t\t\t\t<div class=\"elementor-element elementor-element-0181549 elementor-widget elementor-widget-heading\" data-id=\"0181549\" data-element_type=\"widget\" data-e-type=\"widget\" data-widget_type=\"heading.default\">\n\t\t\t\t<div class=\"elementor-widget-container\">\n\t\t\t\t\t<h3 class=\"elementor-heading-title elementor-size-default\">Co\u00fbt producteur<\/h3>\t\t\t\t<\/div>\n\t\t\t\t<\/div>\n\t\t\t\t<div class=\"elementor-element elementor-element-7efa042 elementor-widget elementor-widget-text-editor\" data-id=\"7efa042\" data-element_type=\"widget\" data-e-type=\"widget\" data-widget_type=\"text-editor.default\">\n\t\t\t\t<div class=\"elementor-widget-container\">\n\t\t\t\t\t\t\t\t\t<p>\u00e0 partir de 1250\u20ac ht<\/p>\t\t\t\t\t\t\t\t<\/div>\n\t\t\t\t<\/div>\n\t\t\t\t\t<\/div>\n\t\t<\/div>\n\t\t\t\t\t<\/div>\n\t\t<\/section>\n\t\t<div class=\"elementor-element elementor-element-f1c678a e-flex e-con-boxed e-con e-parent\" data-id=\"f1c678a\" data-element_type=\"container\" data-e-type=\"container\">\n\t\t\t\t\t<div class=\"e-con-inner\">\n\t\t<div class=\"elementor-element elementor-element-f1d1f0d e-flex e-con-boxed e-con e-child\" data-id=\"f1d1f0d\" data-element_type=\"container\" data-e-type=\"container\">\n\t\t\t\t\t<div class=\"e-con-inner\">\n\t\t<div class=\"elementor-element elementor-element-4710de0 e-flex e-con-boxed e-con e-child\" data-id=\"4710de0\" data-element_type=\"container\" data-e-type=\"container\">\n\t\t\t\t\t<div class=\"e-con-inner\">\n\t\t\t\t<div class=\"elementor-element elementor-element-5a8e57d elementor-align-right elementor-mobile-align-center elementor-widget elementor-widget-button\" data-id=\"5a8e57d\" data-element_type=\"widget\" data-e-type=\"widget\" data-widget_type=\"button.default\">\n\t\t\t\t<div class=\"elementor-widget-container\">\n\t\t\t\t\t\t\t\t\t<div class=\"elementor-button-wrapper\">\n\t\t\t\t\t<a class=\"elementor-button elementor-button-link elementor-size-xs\" href=\"\/agenda\/\">\n\t\t\t\t\t\t<span class=\"elementor-button-content-wrapper\">\n\t\t\t\t\t\t\t\t\t<span class=\"elementor-button-text\">RETOUR A l\u2019AGENDA<\/span>\n\t\t\t\t\t<\/span>\n\t\t\t\t\t<\/a>\n\t\t\t\t<\/div>\n\t\t\t\t\t\t\t\t<\/div>\n\t\t\t\t<\/div>\n\t\t\t\t\t<\/div>\n\t\t\t\t<\/div>\n\t\t<div class=\"elementor-element elementor-element-4a1baaa e-flex e-con-boxed e-con e-child\" data-id=\"4a1baaa\" data-element_type=\"container\" data-e-type=\"container\">\n\t\t\t\t\t<div class=\"e-con-inner\">\n\t\t\t\t<div class=\"elementor-element elementor-element-3c51845 elementor-align-right elementor-mobile-align-center elementor-widget elementor-widget-button\" data-id=\"3c51845\" data-element_type=\"widget\" data-e-type=\"widget\" data-widget_type=\"button.default\">\n\t\t\t\t<div class=\"elementor-widget-container\">\n\t\t\t\t\t\t\t\t\t<div class=\"elementor-button-wrapper\">\n\t\t\t\t\t<a class=\"elementor-button elementor-button-link elementor-size-xs\" href=\"\/contactez-nous\/\">\n\t\t\t\t\t\t<span class=\"elementor-button-content-wrapper\">\n\t\t\t\t\t\t\t\t\t<span class=\"elementor-button-text\">\u00c7A M\u2019INTERESSE<\/span>\n\t\t\t\t\t<\/span>\n\t\t\t\t\t<\/a>\n\t\t\t\t<\/div>\n\t\t\t\t\t\t\t\t<\/div>\n\t\t\t\t<\/div>\n\t\t\t\t\t<\/div>\n\t\t\t\t<\/div>\n\t\t\t\t\t<\/div>\n\t\t\t\t<\/div>\n\t\t\t\t\t<\/div>\n\t\t\t\t<\/div>\n\t\t\t\t<\/div>\n\t\t","protected":false},"excerpt":{"rendered":"<p>Degre Zero est le premier salon professionnel d\u00e9di\u00e9 aux boissons d\u00e9salcoolis\u00e9es, ferment\u00e9es et mac\u00e9r\u00e9es no\/low. Vignerons, brasseurs, distillateurs\u2026 rencontrent des cavistes, sommeliers, restaurateurs, importateurs\u2026 pour leur faire d\u00e9couvrir et d\u00e9velopper ce segment du march\u00e9 en pleine expansion. Le premier salon professionnel 100% d\u00e9di\u00e9 aux boissons no\/low ! Exposants Ils sont producteurs de boissons no\/low Visiteurs [&hellip;]<\/p>\n","protected":false},"author":6,"featured_media":0,"parent":0,"menu_order":0,"comment_status":"closed","ping_status":"closed","template":"","meta":{"_acf_changed":false,"ocean_post_layout":"","ocean_both_sidebars_style":"","ocean_both_sidebars_content_width":0,"ocean_both_sidebars_sidebars_width":0,"ocean_sidebar":"0","ocean_second_sidebar":"0","ocean_disable_margins":"enable","ocean_add_body_class":"","ocean_shortcode_before_top_bar":"","ocean_shortcode_after_top_bar":"","ocean_shortcode_before_header":"","ocean_shortcode_after_header":"","ocean_has_shortcode":"","ocean_shortcode_after_title":"","ocean_shortcode_before_footer_widgets":"","ocean_shortcode_after_footer_widgets":"","ocean_shortcode_before_footer_bottom":"","ocean_shortcode_after_footer_bottom":"","ocean_display_top_bar":"default","ocean_display_header":"default","ocean_header_style":"","ocean_center_header_left_menu":"0","ocean_custom_header_template":"0","ocean_custom_logo":0,"ocean_custom_retina_logo":0,"ocean_custom_logo_max_width":0,"ocean_custom_logo_tablet_max_width":0,"ocean_custom_logo_mobile_max_width":0,"ocean_custom_logo_max_height":0,"ocean_custom_logo_tablet_max_height":0,"ocean_custom_logo_mobile_max_height":0,"ocean_header_custom_menu":"0","ocean_menu_typo_font_family":"0","ocean_menu_typo_font_subset":"","ocean_menu_typo_font_size":0,"ocean_menu_typo_font_size_tablet":0,"ocean_menu_typo_font_size_mobile":0,"ocean_menu_typo_font_size_unit":"px","ocean_menu_typo_font_weight":"","ocean_menu_typo_font_weight_tablet":"","ocean_menu_typo_font_weight_mobile":"","ocean_menu_typo_transform":"","ocean_menu_typo_transform_tablet":"","ocean_menu_typo_transform_mobile":"","ocean_menu_typo_line_height":0,"ocean_menu_typo_line_height_tablet":0,"ocean_menu_typo_line_height_mobile":0,"ocean_menu_typo_line_height_unit":"","ocean_menu_typo_spacing":0,"ocean_menu_typo_spacing_tablet":0,"ocean_menu_typo_spacing_mobile":0,"ocean_menu_typo_spacing_unit":"","ocean_menu_link_color":"","ocean_menu_link_color_hover":"","ocean_menu_link_color_active":"","ocean_menu_link_background":"","ocean_menu_link_hover_background":"","ocean_menu_link_active_background":"","ocean_menu_social_links_bg":"","ocean_menu_social_hover_links_bg":"","ocean_menu_social_links_color":"","ocean_menu_social_hover_links_color":"","ocean_disable_title":"default","ocean_disable_heading":"default","ocean_post_title":"","ocean_post_subheading":"","ocean_post_title_style":"","ocean_post_title_background_color":"","ocean_post_title_background":0,"ocean_post_title_bg_image_position":"","ocean_post_title_bg_image_attachment":"","ocean_post_title_bg_image_repeat":"","ocean_post_title_bg_image_size":"","ocean_post_title_height":0,"ocean_post_title_bg_overlay":0.5,"ocean_post_title_bg_overlay_color":"","ocean_disable_breadcrumbs":"default","ocean_breadcrumbs_color":"","ocean_breadcrumbs_separator_color":"","ocean_breadcrumbs_links_color":"","ocean_breadcrumbs_links_hover_color":"","ocean_display_footer_widgets":"default","ocean_display_footer_bottom":"default","ocean_custom_footer_template":"0","footnotes":""},"class_list":["post-9602","page","type-page","status-publish","hentry","entry"],"acf":[],"_links":{"self":[{"href":"https:\/\/break-events.net\/es\/wp-json\/wp\/v2\/pages\/9602","targetHints":{"allow":["GET"]}}],"collection":[{"href":"https:\/\/break-events.net\/es\/wp-json\/wp\/v2\/pages"}],"about":[{"href":"https:\/\/break-events.net\/es\/wp-json\/wp\/v2\/types\/page"}],"author":[{"embeddable":true,"href":"https:\/\/break-events.net\/es\/wp-json\/wp\/v2\/users\/6"}],"replies":[{"embeddable":true,"href":"https:\/\/break-events.net\/es\/wp-json\/wp\/v2\/comments?post=9602"}],"version-history":[{"count":91,"href":"https:\/\/break-events.net\/es\/wp-json\/wp\/v2\/pages\/9602\/revisions"}],"predecessor-version":[{"id":10871,"href":"https:\/\/break-events.net\/es\/wp-json\/wp\/v2\/pages\/9602\/revisions\/10871"}],"wp:attachment":[{"href":"https:\/\/break-events.net\/es\/wp-json\/wp\/v2\/media?parent=9602"}],"curies":[{"name":"wp","href":"https:\/\/api.w.org\/{rel}","templated":true}]}}