{"id":3218,"date":"2021-03-02T11:54:19","date_gmt":"2021-03-02T10:54:19","guid":{"rendered":"https:\/\/break-events.net\/?page_id=3218"},"modified":"2021-03-31T18:44:48","modified_gmt":"2021-03-31T16:44:48","slug":"mentions-legales","status":"publish","type":"page","link":"https:\/\/break-events.net\/it\/mentions-legales\/","title":{"rendered":"NOTE LEGALI"},"content":{"rendered":"<div data-elementor-type=\"wp-page\" data-elementor-id=\"3218\" class=\"elementor elementor-3218\" data-elementor-post-type=\"page\">\n\t\t\t\t\t\t<section class=\"elementor-section elementor-top-section elementor-element elementor-element-29277145 elementor-section-boxed elementor-section-height-default elementor-section-height-default\" data-id=\"29277145\" data-element_type=\"section\" data-e-type=\"section\">\n\t\t\t\t\t\t<div class=\"elementor-container elementor-column-gap-default\">\n\t\t\t\t\t<div class=\"elementor-column elementor-col-100 elementor-top-column elementor-element elementor-element-73f80f19\" data-id=\"73f80f19\" data-element_type=\"column\" data-e-type=\"column\">\n\t\t\t<div class=\"elementor-widget-wrap elementor-element-populated\">\n\t\t\t\t\t\t<div class=\"elementor-element elementor-element-ee2d3ab elementor-widget elementor-widget-button\" data-id=\"ee2d3ab\" data-element_type=\"widget\" data-e-type=\"widget\" data-widget_type=\"button.default\">\n\t\t\t\t<div class=\"elementor-widget-container\">\n\t\t\t\t\t\t\t\t\t<div class=\"elementor-button-wrapper\">\n\t\t\t\t\t<a class=\"elementor-button elementor-button-link elementor-size-xs\" href=\"#\">\n\t\t\t\t\t\t<span class=\"elementor-button-content-wrapper\">\n\t\t\t\t\t\t\t\t\t<span class=\"elementor-button-text\">Traduci in inglese (tramite Google Translate)<\/span>\n\t\t\t\t\t<\/span>\n\t\t\t\t\t<\/a>\n\t\t\t\t<\/div>\n\t\t\t\t\t\t\t\t<\/div>\n\t\t\t\t<\/div>\n\t\t\t\t<div class=\"elementor-element elementor-element-645bbd84 elementor-widget elementor-widget-text-editor\" data-id=\"645bbd84\" data-element_type=\"widget\" data-e-type=\"widget\" data-widget_type=\"text-editor.default\">\n\t\t\t\t<div class=\"elementor-widget-container\">\n\t\t\t\t\t\t\t\t\t\n<div class=\"wp-block-buttons is-layout-flex wp-block-buttons-is-layout-flex\">\u00a0<\/div>\n\n<p><strong>EDITORE<\/strong><\/p>\n\n<p>Azienda: Gruppo Break Events<\/p>\n\n<p>Sede: 4 square La Fontaine 75016 Parigi<\/p>\n\n<p>Indirizzo dell'ufficio Francia: 402 Bureaux de la Colline, 1 rue royale, 92210 Saint Cloud\u00a0<\/p>\n\n<p>+33 (0) 1 75 43 29 01<\/p>\n\n<p>Posta :\u00a0<a href=\"mailto:contact@break-events.net\">contact@break-events.net<\/a><\/p>\n\n<p>Siret : 84976698500014<\/p>\n\n<p><strong>EDITORI DELLA PUBBLICAZIONE<\/strong><\/p>\n\n<p>Olivier Darras e Minh Tri Phan<\/p>\n\n<p><strong>WEB DESIGN<\/strong><\/p>\n\n<p>Questo sito \u00e8 stato creato da Altay Dagsitan.<a href=\"https:\/\/osuncom.fr\/\" target=\"_blank\" rel=\"noreferrer noopener\">\u00a0<u>https:\/\/altaydagistan.com\/<\/u><\/a><\/p>\n\n<p><strong>EMBEDDERS<\/strong><\/p>\n\n<p>Questo sito \u00e8 ospitato da Name.com<\/p>\n\n<p><strong>WWW.BREAK-EVENTS.NET<\/strong><\/p>\n\n<p>Questo sito \u00e8 conforme alla legge francese, e in nessun caso,\u00a0<a href=\"https:\/\/break-events.net\/it\/\">www.break-events.net<\/a> \u00a0non d\u00e0 alcuna garanzia di conformit\u00e0 con la legislazione straniera che pu\u00f2 essere applicabile a voi quando si accede al sito da altri paesi. Per visitare il nostro sito, devi avere l'et\u00e0 legale per bere nel tuo paese di residenza secondo la legislazione applicabile. L'abuso di alcol \u00e8 pericoloso per la salute.<\/p>\n\n<p><strong>TERMINI E CONDIZIONI GENERALI DI UTILIZZO DEL SITO<\/strong><\/p>\n\n<p>Le presenti Condizioni Generali d'Uso (qui di seguito denominate \"CGU\") sono destinate a regolare i termini e le condizioni d'uso del sito web accessibile all'indirizzo\u00a0<a href=\"https:\/\/salon-vinomed.com\/\" target=\"_blank\" rel=\"noreferrer noopener\">www.break-events.net \u00a0<\/a>(di seguito il \"Sito\") pubblicato da BREAK EVENTS GROUP (di seguito la \"Societ\u00e0\"). Un Utente \u00e8 qualsiasi persona che naviga sul Sito.<\/p>\n\n<p><strong>ACCETTAZIONE E MODIFICA DEL GCV<\/strong><\/p>\n\n<p>L'utilizzo del Sito \u00e8 soggetto al rispetto delle presenti CGC. Tutti gli Utenti riconoscono di accettare le CGU, senza riserve, per il solo fatto del loro utilizzo del Sito.<\/p>\n\n<p>Le CGU possono essere modificate dalla Societ\u00e0 in qualsiasi momento per tenere conto dell'evoluzione del Sito e dell'evoluzione della normativa applicabile. La nuova versione del GCU sar\u00e0 resa disponibile sul Sito. L'utente \u00e8 invitato a consultarli regolarmente.<\/p>\n\n<p><strong>RESPONSABILIT\u00c0 PER IL CONTENUTO DEL SITO<\/strong><\/p>\n\n<p>Break Events Group non si assume alcuna responsabilit\u00e0 per qualsiasi danno che possa derivare dall'uso delle informazioni su questo sito web. Pertanto, lei \u00e8 interamente responsabile dell'uso che fa di queste informazioni. Break Events Group non si assume alcuna responsabilit\u00e0 per eventuali imprecisioni o omissioni. Gli utenti di questo sito web sono invitati a informarci di eventuali errori o correzioni utilizzando il modulo di contatto<\/p>\n\n<p><strong>RESPONSABILIT\u00c0 DEI SITI DI RIFERIMENTO<\/strong><\/p>\n\n<p>Questo sito web contiene collegamenti ipertestuali ad altri siti web e riferimenti ad altre fonti di informazione. Questi link e fonti di informazione sono forniti solo a scopo informativo. Break-Events Group non \u00e8 responsabile di eventuali modifiche a questi link.<\/p>\n\n<p><strong>RESPONSABILIT\u00c0 TECNICA<\/strong><\/p>\n\n<p>Break-Events Group declina ogni responsabilit\u00e0 in caso di difficolt\u00e0 di accesso <a href=\"http:\/\/www.tastyWines-online.com\" target=\"_blank\" rel=\"noopener\">www.break-events.net<\/a> o interruzioni di connessione per qualsiasi danno o virus che possa infettare il suo computer.<\/p>\n\n<p><strong>DIRITTI DI PROPRIET\u00c0 INTELLETTUALE<\/strong><\/p>\n\n<p>Break-Events Group si riserva tutti i diritti di propriet\u00e0 intellettuale su questo sito web e il suo contenuto. In conformit\u00e0 con le disposizioni sulla protezione dei diritti d'autore, qualsiasi riproduzione, anche parziale, degli elementi grafici, della struttura del sito o del suo contenuto \u00e8 severamente vietata senza previa autorizzazione dell'editore. Le richieste di riproduzioni e\/o sfruttamento attraverso altri media possono comunque essere fatte utilizzando il modulo di contatto previsto a questo scopo.<\/p>\n\n<p>Il Sito e ciascuno dei suoi componenti, compresi, ma non limitati a, testi, marchi, loghi, suoni, musica, layout, media, icone e, pi\u00f9 in generale, tutti gli elementi visivi o sonori sono protetti da diritti di propriet\u00e0 intellettuale di cui la Societ\u00e0 \u00e8 proprietaria o di cui uno o pi\u00f9 terzi hanno concesso alla Societ\u00e0 il diritto di utilizzo.<\/p>\n\n<p><strong>POLITICA DELLA PRIVACY \/ PROTEZIONE DEI DATI PERSONALI<\/strong><\/p>\n\n<p>Break Events Group si impegna a proteggere la vostra privacy quando si utilizza il sito web\u00a0<a href=\"http:\/\/www.tastyWines-online.com\" target=\"_blank\" rel=\"noopener\">www.break-events.net<\/a> \u00a0I dati personali trasmessi al Gruppo Break Events sono destinati esclusivamente all'uso del Gruppo, sono riservati e non saranno ceduti a terzi. Conformemente alla legge del 6 gennaio 1978 \"Informatique et libert\u00e9s\" e al regolamento europeo N\u00b02016\/679 nonch\u00e9 alle raccomandazioni della CNIL, avete il diritto di accesso, opposizione, rettifica, cancellazione, portabilit\u00e0 e limitazione del trattamento dei dati personali. In conformit\u00e0 con la normativa, pu\u00f2 esercitare il suo diritto in qualsiasi momento contattando la Societ\u00e0 via e-mail al seguente indirizzo\u00a0<a href=\"mailto:contact@break-events.net\">contact@break-events.net<\/a> \u00a0<\/p>\n\n<p>I suoi dati personali non saranno conservati oltre il periodo strettamente necessario per le finalit\u00e0 di cui sopra e in conformit\u00e0 con le leggi e i regolamenti applicabili. A questo proposito, i dati possono essere conservati per un massimo di 3 anni dall'ultimo contatto. I suoi dati personali saranno cancellati alla scadenza dei periodi di conservazione. Tuttavia, i suoi dati possono essere archiviati oltre i periodi previsti per scopi di ricerca, accertamento e perseguimento di reati penali al solo scopo di mettere questi dati a disposizione delle autorit\u00e0 giudiziarie. L'archiviazione implica che i vostri dati saranno resi anonimi e non saranno pi\u00f9 disponibili online.<\/p>\n\n<p><strong>COOKIE, TAG E TRACCIANTI<\/strong><\/p>\n\n<p>Quando naviga sul nostro sito web, le informazioni sul suo comportamento di navigazione possono essere memorizzate in file chiamati \"cookies\".<\/p>\n\n<p>Il cookie permette di effettuare un follow-up della navigazione o un'analisi del comportamento di navigazione e in particolare:<\/p>\n\n<ul class=\"wp-block-list\">\n<li>per misurare il numero di visitatori del sito web\u00a0<a href=\"http:\/\/www.tastyWines-online.com\" target=\"_blank\" rel=\"noopener\">www.break-events.net<\/a> e il suo contenuto<\/li>\n<li>personalizzare la visualizzazione dei contenuti a vostra disposizione<\/li>\n<\/ul>\n\n<p>\u00c8 possibile modificare le preferenze dei cookie attraverso il software del browser.<\/p>\n\n<p><strong>PROPRIET\u00c0 INTELLETTUALE E DIRITTI RISERVATI<\/strong><\/p>\n\n<p>Tutti i diritti sul materiale e sul contenuto di questo sito (inclusi, ma non limitati a, testo, immagini, pagine web, suono, video e software con codice, interfacce e la struttura del sito), la presentazione visiva e lo spirito, il design e la compilazione dello stesso, sono di propriet\u00e0 di BREAK EVENTS GROUP e di coloro che ci hanno concesso una licenza, diritto di utilizzo. L'utente accetta che questo materiale venga utilizzato in conformit\u00e0 con le presenti condizioni o in base a un'autorizzazione scritta da parte nostra, delle societ\u00e0 del nostro gruppo o di coloro che ci hanno concesso licenze o diritti, e che \u00e8 vietato copiare, moltiplicare, diffondere, rendere pubblico, distribuire, sfruttare commercialmente, adattare, tradurre, modificare, unire, condividere o mettere a disposizione di qualsiasi persona questo materiale in qualsiasi modo a fini commerciali, o realizzare prodotti derivati da esso senza previo accordo.<\/p>\n\n<p><strong>MARCHE<\/strong><\/p>\n\n<p>L'utente pu\u00f2 visualizzare questo sito ed \u00e8 libero di stampare il materiale scritto su questo sito per uso personale e non commerciale. Qualsiasi altra forma di copia, elettronica, stampata o altro, \u00e8 proibita e pu\u00f2 essere in violazione della propriet\u00e0 intellettuale nazionale o internazionale o di altre leggi. Inoltre, l'utente non pu\u00f2, senza il previo consenso scritto di BREAK EVENT GROUP, riprodurre, diffondere, pubblicizzare, distribuire, adattare, tradurre, modificare, unire, condividere o rendere disponibile a qualsiasi persona questo materiale, creare materiali derivati o simili, o utilizzarlo in qualsiasi modo per scopi commerciali.<\/p>\n\n<p><strong>VARIE<\/strong><\/p>\n\n<p>Se una delle clausole \u00e8 dichiarata nulla, sar\u00e0 considerata non scritta ma non invalider\u00e0 le altre clausole di queste CGV. Il mancato esercizio da parte della Societ\u00e0 di uno qualsiasi dei suoi diritti ai sensi delle presenti CDU non costituisce una rinuncia a tali diritti.<\/p>\n\n<p><strong>LEGGE APPLICABILE - GIURISDIZIONE COMPETENTE<\/strong><\/p>\n\n<p>Le presenti CGU sono soggette al diritto francese. Qualsiasi controversia derivante dall'applicazione delle presenti CGU che non possa essere risolta mediante composizione amichevole sar\u00e0 sottoposta ai tribunali, nonostante la pluralit\u00e0 dei convenuti e\/o le rivendicazioni di terzi, anche per procedimenti d'urgenza o sommari o per petizione:<\/p>\n\n<ul class=\"wp-block-list\">\n<li>per le controversie con una o pi\u00f9 persone, alla giurisdizione dei tribunali francesi competenti;<\/li>\n<li>per le controversie tra professionisti, alla competenza esclusiva dei tribunali della giurisdizione in cui ha sede la Societ\u00e0.<\/li>\n<\/ul>\n\t\t\t\t\t\t\t\t<\/div>\n\t\t\t\t<\/div>\n\t\t\t\t\t<\/div>\n\t\t<\/div>\n\t\t\t\t\t<\/div>\n\t\t<\/section>\n\t\t\t\t<\/div>","protected":false},"excerpt":{"rendered":"<p>Traduire en anglais (par Google Translate) \u00c9DITEUR Soci\u00e9t\u00e9 : Break Events Group Si\u00e8ge social : 4 square La Fontaine 75016 Paris Adresse bureaux France : 402 Bureaux de la Colline, 1 rue royale, 92210 Saint Cloud\u00a0 +33 (0) 1 75 43 29 01 Mail :\u00a0contact@break-events.net Siret : 84976698500014 DIRECTEURS DE PUBLICATIONS Olivier Darras et Minh [&hellip;]<\/p>\n","protected":false},"author":1,"featured_media":0,"parent":0,"menu_order":0,"comment_status":"closed","ping_status":"closed","template":"","meta":{"_acf_changed":false,"ocean_post_layout":"","ocean_both_sidebars_style":"","ocean_both_sidebars_content_width":0,"ocean_both_sidebars_sidebars_width":0,"ocean_sidebar":"0","ocean_second_sidebar":"0","ocean_disable_margins":"enable","ocean_add_body_class":"","ocean_shortcode_before_top_bar":"","ocean_shortcode_after_top_bar":"","ocean_shortcode_before_header":"","ocean_shortcode_after_header":"","ocean_has_shortcode":"","ocean_shortcode_after_title":"","ocean_shortcode_before_footer_widgets":"","ocean_shortcode_after_footer_widgets":"","ocean_shortcode_before_footer_bottom":"","ocean_shortcode_after_footer_bottom":"","ocean_display_top_bar":"default","ocean_display_header":"default","ocean_header_style":"","ocean_center_header_left_menu":"0","ocean_custom_header_template":"0","ocean_custom_logo":0,"ocean_custom_retina_logo":0,"ocean_custom_logo_max_width":0,"ocean_custom_logo_tablet_max_width":0,"ocean_custom_logo_mobile_max_width":0,"ocean_custom_logo_max_height":0,"ocean_custom_logo_tablet_max_height":0,"ocean_custom_logo_mobile_max_height":0,"ocean_header_custom_menu":"0","ocean_menu_typo_font_family":"0","ocean_menu_typo_font_subset":"","ocean_menu_typo_font_size":0,"ocean_menu_typo_font_size_tablet":0,"ocean_menu_typo_font_size_mobile":0,"ocean_menu_typo_font_size_unit":"px","ocean_menu_typo_font_weight":"","ocean_menu_typo_font_weight_tablet":"","ocean_menu_typo_font_weight_mobile":"","ocean_menu_typo_transform":"","ocean_menu_typo_transform_tablet":"","ocean_menu_typo_transform_mobile":"","ocean_menu_typo_line_height":0,"ocean_menu_typo_line_height_tablet":0,"ocean_menu_typo_line_height_mobile":0,"ocean_menu_typo_line_height_unit":"","ocean_menu_typo_spacing":0,"ocean_menu_typo_spacing_tablet":0,"ocean_menu_typo_spacing_mobile":0,"ocean_menu_typo_spacing_unit":"","ocean_menu_link_color":"","ocean_menu_link_color_hover":"","ocean_menu_link_color_active":"","ocean_menu_link_background":"","ocean_menu_link_hover_background":"","ocean_menu_link_active_background":"","ocean_menu_social_links_bg":"","ocean_menu_social_hover_links_bg":"","ocean_menu_social_links_color":"","ocean_menu_social_hover_links_color":"","ocean_disable_title":"default","ocean_disable_heading":"default","ocean_post_title":"","ocean_post_subheading":"","ocean_post_title_style":"","ocean_post_title_background_color":"","ocean_post_title_background":0,"ocean_post_title_bg_image_position":"","ocean_post_title_bg_image_attachment":"","ocean_post_title_bg_image_repeat":"","ocean_post_title_bg_image_size":"","ocean_post_title_height":0,"ocean_post_title_bg_overlay":0.5,"ocean_post_title_bg_overlay_color":"","ocean_disable_breadcrumbs":"default","ocean_breadcrumbs_color":"","ocean_breadcrumbs_separator_color":"","ocean_breadcrumbs_links_color":"","ocean_breadcrumbs_links_hover_color":"","ocean_display_footer_widgets":"default","ocean_display_footer_bottom":"default","ocean_custom_footer_template":"0","footnotes":""},"class_list":["post-3218","page","type-page","status-publish","hentry","entry"],"acf":[],"_links":{"self":[{"href":"https:\/\/break-events.net\/it\/wp-json\/wp\/v2\/pages\/3218","targetHints":{"allow":["GET"]}}],"collection":[{"href":"https:\/\/break-events.net\/it\/wp-json\/wp\/v2\/pages"}],"about":[{"href":"https:\/\/break-events.net\/it\/wp-json\/wp\/v2\/types\/page"}],"author":[{"embeddable":true,"href":"https:\/\/break-events.net\/it\/wp-json\/wp\/v2\/users\/1"}],"replies":[{"embeddable":true,"href":"https:\/\/break-events.net\/it\/wp-json\/wp\/v2\/comments?post=3218"}],"version-history":[{"count":0,"href":"https:\/\/break-events.net\/it\/wp-json\/wp\/v2\/pages\/3218\/revisions"}],"wp:attachment":[{"href":"https:\/\/break-events.net\/it\/wp-json\/wp\/v2\/media?parent=3218"}],"curies":[{"name":"wp","href":"https:\/\/api.w.org\/{rel}","templated":true}]}}